{"id":71,"date":"2025-08-29T17:00:58","date_gmt":"2025-08-29T15:00:58","guid":{"rendered":"https:\/\/impacta-media.de\/?page_id=71"},"modified":"2026-02-14T17:45:52","modified_gmt":"2026-02-14T16:45:52","slug":"kontakt","status":"publish","type":"page","link":"https:\/\/impacta-media.de\/en\/kontakt\/","title":{"rendered":"Contact us"},"content":{"rendered":"<h1>Contact us<\/h1>\n<style>\n.bb-gradient-wrap{\n  text-align:left;\n}\n.bb-gradient-h1{\n  font-size:50px;\n  line-height:1.2;\n  font-weight:700;\n  margin:0 auto;\n  display:inline-block;\n  background: linear-gradient(90deg,#00E0FF,#9B59FF);\n  -webkit-background-clip:text;\n  background-clip:text;\n  -webkit-text-fill-color:transparent;\n  color:transparent;\n}\n<\/style>\n\t<p class=\"translation-block\">Would you like to make your company more digitally structured?<br data-start=\"\u201c843\u201d\" data-end=\"\u201c846\u201d\">Do you need a new website, a clear social media strategy, or sound digital consulting?<\/p>\n<p class=\"translation-block\">Then let's talk.<br data-start=\"\u201c981\u201d\" data-end=\"\u201c984\u201d\">Clear. Direct. Solution-oriented.<\/p>\n<h2>\n\t\t\tContact form\t<\/h2>\n\t<center>\n<div class=\"wpcf7 no-js\" id=\"wpcf7-f85-o1\" lang=\"de-DE\" dir=\"ltr\" data-wpcf7-id=\"85\">\n<div class=\"screen-reader-response\"><p role=\"status\" aria-live=\"polite\" aria-atomic=\"true\"><\/p> <ul><\/ul><\/div>\n<form action=\"\/en\/wp-json\/wp\/v2\/pages\/71#wpcf7-f85-o1\" method=\"post\" class=\"wpcf7-form init\" aria-label=\"Contact form\" novalidate=\"novalidate\" data-status=\"init\" data-trp-original-action=\"\/en\/wp-json\/wp\/v2\/pages\/71#wpcf7-f85-o1\">\n<fieldset class=\"hidden-fields-container\"><input type=\"hidden\" name=\"_wpcf7\" value=\"85\" \/><input type=\"hidden\" name=\"_wpcf7_version\" value=\"6.1.5\" \/><input type=\"hidden\" name=\"_wpcf7_locale\" value=\"de_DE\" \/><input type=\"hidden\" name=\"_wpcf7_unit_tag\" value=\"wpcf7-f85-o1\" \/><input type=\"hidden\" name=\"_wpcf7_container_post\" value=\"0\" \/><input type=\"hidden\" name=\"_wpcf7_posted_data_hash\" value=\"\" \/>\n<\/fieldset>\n<p><label> Your name<br \/>\n<span class=\"wpcf7-form-control-wrap\" data-name=\"your-name\"><input size=\"40\" maxlength=\"400\" class=\"wpcf7-form-control wpcf7-text wpcf7-validates-as-required\" autocomplete=\"name\" aria-required=\"true\" aria-invalid=\"false\" value=\"\" type=\"text\" name=\"your-name\" \/><\/span> <\/label>\n<\/p>\n<p><label> Your E-Mail<br \/>\n<span class=\"wpcf7-form-control-wrap\" data-name=\"your-email\"><input size=\"40\" maxlength=\"400\" class=\"wpcf7-form-control wpcf7-email wpcf7-validates-as-required wpcf7-text wpcf7-validates-as-email\" autocomplete=\"email\" aria-required=\"true\" aria-invalid=\"false\" value=\"\" type=\"email\" name=\"your-email\" \/><\/span> <\/label>\n<\/p>\n<p><label> Your phone number<br \/>\n<span class=\"wpcf7-form-control-wrap\" data-name=\"tel-933\"><input size=\"40\" maxlength=\"400\" class=\"wpcf7-form-control wpcf7-tel wpcf7-validates-as-required wpcf7-text wpcf7-validates-as-tel\" aria-required=\"true\" aria-invalid=\"false\" value=\"\" type=\"tel\" name=\"tel-933\" \/><\/span> <\/label>\n<\/p>\n<p><label> Your message<br \/>\n<span class=\"wpcf7-form-control-wrap\" data-name=\"your-message\"><textarea cols=\"40\" rows=\"10\" maxlength=\"2000\" class=\"wpcf7-form-control wpcf7-textarea\" aria-invalid=\"false\" name=\"your-message\"><\/textarea><\/span> <\/label>\n<\/p>\n<p><span class=\"wpcf7-form-control-wrap\" data-name=\"acceptance-161\"><span class=\"wpcf7-form-control wpcf7-acceptance\"><span class=\"wpcf7-list-item\"><label class=\"translation-block\"><span class=\"wpcf7-list-item-label\">By using this form, you consent to the storage and processing of your data by this website.<\/label><\/span><\/span><\/span>\n<\/p>\n<p><input class=\"wpcf7-form-control wpcf7-submit has-spinner\" type=\"submit\" value=\"Submit\" \/>\n<\/p><div class=\"wpcf7-response-output\" aria-hidden=\"true\"><\/div>\n<input type=\"hidden\" name=\"trp-form-language\" value=\"en\"\/><\/form>\n<\/div>\n<\/center>\n<h2>\n\t\t\tBook an appointment\t<\/h2>\n\t<!-- Cal inline embed code begins -->\n  <!-- Cal inline embed code ends -->\n\t\t<footer class=\"impacta-footer\">\r\n\t\t<div class=\"impacta-footer-inner\">\r\n\r\n\t\t\t<!-- COLUMN 1: BRAND -->\r\n\t\t\t<div class=\"footer-brand\">\r\n\t\t\t\t<img decoding=\"async\" src=\"https:\/\/impacta-media.de\/wp-content\/uploads\/2025\/09\/cropped-Logoneu.png\" alt=\"impacta Logo\" class=\"footer-logo\">\r\n\r\n\t\t\t\t<p class=\"footer-address\">Kiefernring 29B<br>15749 Mittenwalde<\/p>\r\n\r\n\t\t\t\t<div class=\"footer-contact\">\r\n\t\t\t\t\t<a href=\"tel:+4915567115414\">0155 671 154 14<\/a>\r\n\t\t\t\t\t<a href=\"mailto:kontakt@impacta-media.de\">kontakt@impacta-media.de<\/a>\r\n\t\t\t\t<\/div>\r\n\t\t\t<\/div>\r\n\r\n\t\t\t<!-- COLUMN 2 -->\r\n\t\t\t<div class=\"footer-col\">\r\n\t\t\t\t<div class=\"footer-title\">Web design &amp; development<\/div>\r\n\t\t\t\t<a href=\"\/en\/coming-soon\/\">Onepager & Landingpages<\/a>\r\n\t\t\t\t<a href=\"\/en\/coming-soon\/\">Website erstellen<\/a>\r\n\t\t\t\t<a href=\"\/en\/coming-soon\/\">Website Relaunch<\/a>\r\n\t\t\t<\/div>\r\n\r\n\t\t\t<!-- COLUMN 3 -->\r\n\t\t\t<div class=\"footer-col\">\r\n\t\t\t\t<div class=\"footer-title\">Social Media Management<\/div>\r\n\t\t\t\t<a href=\"\/en\/coming-soon\/\">Social Media Strategie<\/a>\r\n\t\t\t\t<a href=\"\/en\/coming-soon\/\">Social Media Ads & Kampagnen<\/a>\r\n\t\t\t\t<a href=\"\/en\/coming-soon\/\">Community Management & Betreuung<\/a>\r\n\t\t\t<\/div>\r\n\r\n\t\t\t<!-- COLUMN 4 -->\r\n\t\t\t<div class=\"footer-col\">\r\n\t\t\t\t<div class=\"footer-title\">Coaching &amp; Consulting<\/div>\r\n\t\t\t\t<a href=\"\/en\/coming-soon\/\">Website Coaching<\/a>\r\n\t\t\t\t<a href=\"\/en\/coming-soon\/\">Social Media Coaching<\/a>\r\n\t\t\t\t<a href=\"\/en\/coming-soon\/\">Digitale Strategie & Positionierung<\/a>\r\n\t\t\t<\/div>\r\n\r\n\t\t\t<!-- COLUMN 5 -->\r\n\t\t\t<div class=\"footer-col\">\r\n\t\t\t\t<div class=\"footer-title\">Unternehmen<\/div>\r\n\t\t\t\t<a href=\"\/en\/ueber-uns\/\">About us<\/a>\r\n\t\t\t\t<a href=\"\/en\/kontakt\/\">Contact us<\/a>\r\n\t\t\t\t<a href=\"\/en\/impressum\/\">Imprint<\/a>\r\n\t\t\t\t<a href=\"\/en\/datenschutz\/\">Data protection<\/a>\r\n\t\t\t<\/div>\r\n\r\n\t\t<\/div>\r\n\t<\/footer>\r\n\r\n\r\n\t<style>\r\n\t.impacta-footer{\r\n\t\tbackground:#000000;\r\n\t\tpadding:70px 20px;\r\n\t\tfont-size:14px;\r\n\t\tcolor:#49A0FF;\r\n\t}\r\n\r\n\t.impacta-footer-inner{\r\n\t\tmax-width:1200px;\r\n\t\tmargin:0 auto;\r\n\t\tdisplay:grid;\r\n\t\tgrid-template-columns:1.2fr repeat(4,1fr);\r\n\t\tgap:50px;\r\n\t}\r\n\r\n\t\/* BRAND *\/\r\n\t.footer-brand{\r\n\t\tdisplay:flex;\r\n\t\tflex-direction:column;\r\n\t}\r\n\r\n\t.footer-logo{\r\n\t\twidth:240px;\r\n\t\tmax-height:140px;\r\n\t\theight:auto;\r\n\t\tobject-fit:contain;\r\n\t\tmargin-bottom:14px;\r\n\t}\r\n\r\n\t.footer-address{\r\n\t\tmargin:0 0 12px;\r\n\t\topacity:.95;\r\n\t\tline-height:1.5;\r\n\t}\r\n\r\n\t.footer-contact a{\r\n\t\tdisplay:block;\r\n\t\tmargin-top:8px;\r\n\t\tcolor:#ffffff;\r\n\t\ttext-decoration:none;\r\n\t\topacity:.92;\r\n\t\ttransition:color .2s ease, opacity .2s ease;\r\n\t}\r\n\r\n\t.footer-contact a:hover,\r\n\t.footer-contact a:active{\r\n\t\tcolor:#8FA3B8;\r\n\t\topacity:1;\r\n\t}\r\n\r\n\t.footer-brand-divider{\r\n\t\theight:1px;\r\n\t\tbackground:rgba(255,255,255,.14);\r\n\t\tmargin:18px 0 16px;\r\n\t}\r\n\r\n\t\/* MINI (Unternehmen im linken Block) *\/\r\n\t.footer-mini-title{\r\n\t\tfont-size:12px;\r\n\t\tletter-spacing:1.1px;\r\n\t\ttext-transform:uppercase;\r\n\t\tfont-weight:700;\r\n\t\topacity:.85;\r\n\t\tmargin-bottom:10px;\r\n\t}\r\n\r\n\t.footer-mini-links{\r\n\t\tdisplay:grid;\r\n\t\tgrid-template-columns:repeat(2, minmax(0,1fr));\r\n\t\tgap:8px 18px;\r\n\t}\r\n\r\n\t.footer-mini-links a{\r\n\t\tcolor:#ffffff;\r\n\t\ttext-decoration:none;\r\n\t\topacity:.85;\r\n\t\ttransition:color .2s ease, opacity .2s ease;\r\n\t}\r\n\r\n\t.footer-mini-links a:hover,\r\n\t.footer-mini-links a:active{\r\n\t\tcolor:#49A0FF;\r\n\t\topacity:1;\r\n\t}\r\n\r\n\t\/* RIGHT COLS *\/\r\n\t.footer-col a{\r\n\t\tdisplay:block;\r\n\t\tmargin-top:8px;\r\n\t\tcolor:#ffffff;\r\n\t\ttext-decoration:none;\r\n\t\topacity:.9;\r\n\t\ttransition:color .2s ease, opacity .2s ease;\r\n\t}\r\n\r\n\t.footer-col a:hover,\r\n\t.footer-col a:active{\r\n\t\tcolor:#8FA3B8;\r\n\t\topacity:1;\r\n\t}\r\n\r\n\t.footer-title{\r\n\t\tfont-size:13px;\r\n\t\tletter-spacing:1.2px;\r\n\t\ttext-transform:uppercase;\r\n\t\tfont-weight:700;\r\n\t\tcolor:#ffffff;\r\n\t\tmargin:0 0 14px;\r\n\t\tposition:relative;\r\n\t}\r\n\r\n\t.footer-title::after{\r\n\t\tcontent:\"\";\r\n\t\tdisplay:block;\r\n\t\twidth:28px;\r\n\t\theight:2px;\r\n\t\tbackground:#ffffff;\r\n\t\tmargin-top:8px;\r\n\t\topacity:.4;\r\n\t}\r\n\r\n\t\/* RESPONSIVE *\/\r\n\t@media(max-width:900px){\r\n\t\t.impacta-footer-inner{\r\n\t\t\tgrid-template-columns:1fr;\r\n\t\t\tgap:40px;\r\n\t\t}\r\n\r\n\t\t.footer-logo{\r\n\t\t\twidth:170px;\r\n\t\t\tmax-height:60px;\r\n\t\t}\r\n\r\n\t\t.footer-mini-links{\r\n\t\t\tgrid-template-columns:1fr;\r\n\t\t}\r\n\t}\r\n\t<\/style>","protected":false},"excerpt":{"rendered":"<p>Kontakt Sie m\u00f6chten Ihr Unternehmen digital strukturierter aufstellen?Sie brauchen eine neue Website, eine klare Social Media Strategie oder eine fundierte digitale Beratung? Dann lassen Sie uns sprechen.Klar. Direkt. L\u00f6sungsorientiert. Kontaktformular Termin buchen<\/p>","protected":false},"author":1,"featured_media":0,"parent":0,"menu_order":0,"comment_status":"closed","ping_status":"closed","template":"","meta":{"_kad_post_transparent":"","_kad_post_title":"","_kad_post_layout":"","_kad_post_sidebar_id":"","_kad_post_content_style":"","_kad_post_vertical_padding":"","_kad_post_feature":"","_kad_post_feature_position":"","_kad_post_header":false,"_kad_post_footer":false,"_kad_post_classname":"","footnotes":""},"class_list":["post-71","page","type-page","status-publish","hentry"],"yoast_head":"<!-- This site is optimized with the Yoast SEO plugin v27.3 - https:\/\/yoast.com\/product\/yoast-seo-wordpress\/ -->\n<title>Kontakt - impacta-media.de - Digitale L\u00f6sungen anfragen<\/title>\n<meta name=\"description\" content=\"Kontaktieren Sie Impacta Media f\u00fcr Websites, digitale Systeme und Online-Strategien. Jetzt unverbindlich anfragen und Klarheitsgespr\u00e4ch starten.\" \/>\n<meta name=\"robots\" content=\"index, follow, max-snippet:-1, max-image-preview:large, max-video-preview:-1\" \/>\n<link rel=\"canonical\" href=\"https:\/\/impacta-media.de\/en\/kontakt\/\" \/>\n<meta property=\"og:locale\" content=\"en_US\" \/>\n<meta property=\"og:type\" content=\"article\" \/>\n<meta property=\"og:title\" content=\"Kontakt - impacta-media.de - Digitale L\u00f6sungen anfragen\" \/>\n<meta property=\"og:description\" content=\"Kontaktieren Sie Impacta Media f\u00fcr Websites, digitale Systeme und Online-Strategien. Jetzt unverbindlich anfragen und Klarheitsgespr\u00e4ch starten.\" \/>\n<meta property=\"og:url\" content=\"https:\/\/impacta-media.de\/en\/kontakt\/\" \/>\n<meta property=\"og:site_name\" content=\"impacta-media.de\" \/>\n<meta property=\"article:modified_time\" content=\"2026-02-14T16:45:52+00:00\" \/>\n<meta name=\"twitter:card\" content=\"summary_large_image\" \/>\n<meta name=\"twitter:label1\" content=\"Est. reading time\" \/>\n\t<meta name=\"twitter:data1\" content=\"1 minute\" \/>\n<script type=\"application\/ld+json\" class=\"yoast-schema-graph\">{\"@context\":\"https:\\\/\\\/schema.org\",\"@graph\":[{\"@type\":\"WebPage\",\"@id\":\"https:\\\/\\\/impacta-media.de\\\/kontakt\\\/\",\"url\":\"https:\\\/\\\/impacta-media.de\\\/kontakt\\\/\",\"name\":\"Kontakt - impacta-media.de - Digitale L\u00f6sungen anfragen\",\"isPartOf\":{\"@id\":\"https:\\\/\\\/impacta-media.de\\\/#website\"},\"datePublished\":\"2025-08-29T15:00:58+00:00\",\"dateModified\":\"2026-02-14T16:45:52+00:00\",\"description\":\"Kontaktieren Sie Impacta Media f\u00fcr Websites, digitale Systeme und Online-Strategien. Jetzt unverbindlich anfragen und Klarheitsgespr\u00e4ch starten.\",\"breadcrumb\":{\"@id\":\"https:\\\/\\\/impacta-media.de\\\/kontakt\\\/#breadcrumb\"},\"inLanguage\":\"en-US\",\"potentialAction\":[{\"@type\":\"ReadAction\",\"target\":[\"https:\\\/\\\/impacta-media.de\\\/kontakt\\\/\"]}]},{\"@type\":\"BreadcrumbList\",\"@id\":\"https:\\\/\\\/impacta-media.de\\\/kontakt\\\/#breadcrumb\",\"itemListElement\":[{\"@type\":\"ListItem\",\"position\":1,\"name\":\"Startseite\",\"item\":\"https:\\\/\\\/impacta-media.de\\\/\"},{\"@type\":\"ListItem\",\"position\":2,\"name\":\"Kontakt\"}]},{\"@type\":\"WebSite\",\"@id\":\"https:\\\/\\\/impacta-media.de\\\/#website\",\"url\":\"https:\\\/\\\/impacta-media.de\\\/\",\"name\":\"impacta-media.de\",\"description\":\"\",\"publisher\":{\"@id\":\"https:\\\/\\\/impacta-media.de\\\/#organization\"},\"potentialAction\":[{\"@type\":\"SearchAction\",\"target\":{\"@type\":\"EntryPoint\",\"urlTemplate\":\"https:\\\/\\\/impacta-media.de\\\/?s={search_term_string}\"},\"query-input\":{\"@type\":\"PropertyValueSpecification\",\"valueRequired\":true,\"valueName\":\"search_term_string\"}}],\"inLanguage\":\"en-US\"},{\"@type\":\"Organization\",\"@id\":\"https:\\\/\\\/impacta-media.de\\\/#organization\",\"name\":\"Impacta Media\",\"url\":\"https:\\\/\\\/impacta-media.de\\\/\",\"logo\":{\"@type\":\"ImageObject\",\"inLanguage\":\"en-US\",\"@id\":\"https:\\\/\\\/impacta-media.de\\\/#\\\/schema\\\/logo\\\/image\\\/\",\"url\":\"https:\\\/\\\/impacta-media.de\\\/wp-content\\\/uploads\\\/2025\\\/09\\\/cropped-Logoneu.png\",\"contentUrl\":\"https:\\\/\\\/impacta-media.de\\\/wp-content\\\/uploads\\\/2025\\\/09\\\/cropped-Logoneu.png\",\"width\":1024,\"height\":329,\"caption\":\"Impacta Media\"},\"image\":{\"@id\":\"https:\\\/\\\/impacta-media.de\\\/#\\\/schema\\\/logo\\\/image\\\/\"}}]}<\/script>\n<!-- \/ Yoast SEO plugin. -->","yoast_head_json":{"title":"Kontakt - impacta-media.de - Digitale L\u00f6sungen anfragen","description":"Kontaktieren Sie Impacta Media f\u00fcr Websites, digitale Systeme und Online-Strategien. Jetzt unverbindlich anfragen und Klarheitsgespr\u00e4ch starten.","robots":{"index":"index","follow":"follow","max-snippet":"max-snippet:-1","max-image-preview":"max-image-preview:large","max-video-preview":"max-video-preview:-1"},"canonical":"https:\/\/impacta-media.de\/en\/kontakt\/","og_locale":"en_US","og_type":"article","og_title":"Kontakt - impacta-media.de - Digitale L\u00f6sungen anfragen","og_description":"Kontaktieren Sie Impacta Media f\u00fcr Websites, digitale Systeme und Online-Strategien. Jetzt unverbindlich anfragen und Klarheitsgespr\u00e4ch starten.","og_url":"https:\/\/impacta-media.de\/en\/kontakt\/","og_site_name":"impacta-media.de","article_modified_time":"2026-02-14T16:45:52+00:00","twitter_card":"summary_large_image","twitter_misc":{"Est. reading time":"1 minute"},"schema":{"@context":"https:\/\/schema.org","@graph":[{"@type":"WebPage","@id":"https:\/\/impacta-media.de\/kontakt\/","url":"https:\/\/impacta-media.de\/kontakt\/","name":"Kontakt - impacta-media.de - Digitale L\u00f6sungen anfragen","isPartOf":{"@id":"https:\/\/impacta-media.de\/#website"},"datePublished":"2025-08-29T15:00:58+00:00","dateModified":"2026-02-14T16:45:52+00:00","description":"Kontaktieren Sie Impacta Media f\u00fcr Websites, digitale Systeme und Online-Strategien. Jetzt unverbindlich anfragen und Klarheitsgespr\u00e4ch starten.","breadcrumb":{"@id":"https:\/\/impacta-media.de\/kontakt\/#breadcrumb"},"inLanguage":"en-US","potentialAction":[{"@type":"ReadAction","target":["https:\/\/impacta-media.de\/kontakt\/"]}]},{"@type":"BreadcrumbList","@id":"https:\/\/impacta-media.de\/kontakt\/#breadcrumb","itemListElement":[{"@type":"ListItem","position":1,"name":"Startseite","item":"https:\/\/impacta-media.de\/"},{"@type":"ListItem","position":2,"name":"Kontakt"}]},{"@type":"WebSite","@id":"https:\/\/impacta-media.de\/#website","url":"https:\/\/impacta-media.de\/","name":"impacta-media.de","description":"","publisher":{"@id":"https:\/\/impacta-media.de\/#organization"},"potentialAction":[{"@type":"SearchAction","target":{"@type":"EntryPoint","urlTemplate":"https:\/\/impacta-media.de\/?s={search_term_string}"},"query-input":{"@type":"PropertyValueSpecification","valueRequired":true,"valueName":"search_term_string"}}],"inLanguage":"en-US"},{"@type":"Organization","@id":"https:\/\/impacta-media.de\/#organization","name":"At Impacta-Media,","url":"https:\/\/impacta-media.de\/","logo":{"@type":"ImageObject","inLanguage":"en-US","@id":"https:\/\/impacta-media.de\/#\/schema\/logo\/image\/","url":"https:\/\/impacta-media.de\/wp-content\/uploads\/2025\/09\/cropped-Logoneu.png","contentUrl":"https:\/\/impacta-media.de\/wp-content\/uploads\/2025\/09\/cropped-Logoneu.png","width":1024,"height":329,"caption":"Impacta Media"},"image":{"@id":"https:\/\/impacta-media.de\/#\/schema\/logo\/image\/"}}]}},"_links":{"self":[{"href":"https:\/\/impacta-media.de\/en\/wp-json\/wp\/v2\/pages\/71","targetHints":{"allow":["GET"]}}],"collection":[{"href":"https:\/\/impacta-media.de\/en\/wp-json\/wp\/v2\/pages"}],"about":[{"href":"https:\/\/impacta-media.de\/en\/wp-json\/wp\/v2\/types\/page"}],"author":[{"embeddable":true,"href":"https:\/\/impacta-media.de\/en\/wp-json\/wp\/v2\/users\/1"}],"replies":[{"embeddable":true,"href":"https:\/\/impacta-media.de\/en\/wp-json\/wp\/v2\/comments?post=71"}],"version-history":[{"count":11,"href":"https:\/\/impacta-media.de\/en\/wp-json\/wp\/v2\/pages\/71\/revisions"}],"predecessor-version":[{"id":522,"href":"https:\/\/impacta-media.de\/en\/wp-json\/wp\/v2\/pages\/71\/revisions\/522"}],"wp:attachment":[{"href":"https:\/\/impacta-media.de\/en\/wp-json\/wp\/v2\/media?parent=71"}],"curies":[{"name":"wp","href":"https:\/\/api.w.org\/{rel}","templated":true}]}}