{"id":136,"date":"2025-09-09T19:02:44","date_gmt":"2025-09-09T17:02:44","guid":{"rendered":"https:\/\/impacta-media.de\/?page_id=136"},"modified":"2026-02-25T22:26:58","modified_gmt":"2026-02-25T21:26:58","slug":"referenzen","status":"publish","type":"page","link":"https:\/\/impacta-media.de\/en\/referenzen\/","title":{"rendered":"References"},"content":{"rendered":"<h1>\n\t\t\tUnsere Referenzen\t<\/h1>\n<h2>\n\t\t\tErfolgreiche Projekte, die f\u00fcr sich sprechen\t<\/h2>\n\t<p>Wir entwickeln digitale L\u00f6sungen, die messbar wachsen, sauber funktionieren und Kunden \u00fcberzeugen. Hier finden Sie eine Auswahl unserer aktuellen Webdesign-, Social-Media- und App-Projekte &#8211; von lokalen Unternehmen bis hin zu digitalen Marken.<\/p>\n\t\t\t<a href=\"\/en\/kontakt\/\"  target=\"_self\">\n\t\t\t\t\t\tSecure your initial consultation now\n\t\t\t\t\t<\/a>\n\t<b>Impacta-Media<\/b>\n<h2>\n\t\t\tAuswahl umgesetzte Kundenprojekte\t<\/h2>\n\t\t<meta itemprop=\"url\" content=\"https:\/\/impacta-media.de\/wp-content\/uploads\/2025\/12\/treelancer.net_.webm\" \/><div style=\"width: 640px;\" class=\"wp-video\"><video muted class=\"wp-video-shortcode\" id=\"video-136-1\" width=\"640\" height=\"360\" loop autoplay preload=\"metadata\" controls=\"controls\"><source type=\"video\/webm\" src=\"https:\/\/impacta-media.de\/wp-content\/uploads\/2025\/12\/treelancer.net_.webm?_=1\" \/><source type=\"video\/webm\" src=\"https:\/\/impacta-media.de\/wp-content\/uploads\/2025\/12\/treelancer.net_.webm?_=1\" \/><a href=\"https:\/\/impacta-media.de\/wp-content\/uploads\/2025\/12\/treelancer.net_.webm\">https:\/\/impacta-media.de\/wp-content\/uploads\/2025\/12\/treelancer.net_.webm<\/a><\/video><\/div>\t\n<h3>\n\t\t<a href=\"https:\/\/treelancer.net\/\" title=\"Treelancer Baumpflegefachbetrieb\"  target=\"_blank\"  rel=\"noopener\">\n\t\t\tTreelancer Baumpflegefachbetrieb\t\t<\/a>\n\t<\/h3>\n\t\t<meta itemprop=\"url\" content=\"https:\/\/impacta-media.de\/wp-content\/uploads\/2026\/02\/morocco-travel-connection.webm\" \/><div style=\"width: 640px;\" class=\"wp-video\"><video muted class=\"wp-video-shortcode\" id=\"video-136-2\" width=\"640\" height=\"360\" loop autoplay preload=\"metadata\" controls=\"controls\"><source type=\"video\/webm\" src=\"https:\/\/impacta-media.de\/wp-content\/uploads\/2026\/02\/morocco-travel-connection.webm?_=2\" \/><source type=\"video\/webm\" src=\"https:\/\/impacta-media.de\/wp-content\/uploads\/2026\/02\/morocco-travel-connection.webm?_=2\" \/><a href=\"https:\/\/impacta-media.de\/wp-content\/uploads\/2026\/02\/morocco-travel-connection.webm\">https:\/\/impacta-media.de\/wp-content\/uploads\/2026\/02\/morocco-travel-connection.webm<\/a><\/video><\/div>\t\n<h3>\n\t\t<a href=\"https:\/\/morocco-travel-connection.com\/\" title=\"Marokko Travel Connection\"  target=\"_blank\"  rel=\"noopener\">\n\t\t\tMarokko Travel Connection\t\t<\/a>\n\t<\/h3>\n\t\t<meta itemprop=\"url\" content=\"https:\/\/impacta-media.de\/wp-content\/uploads\/2025\/12\/u-t-p.de_.webm\" \/><div style=\"width: 640px;\" class=\"wp-video\"><video muted class=\"wp-video-shortcode\" id=\"video-136-3\" width=\"640\" height=\"360\" loop autoplay preload=\"metadata\" controls=\"controls\"><source type=\"video\/webm\" src=\"https:\/\/impacta-media.de\/wp-content\/uploads\/2025\/12\/u-t-p.de_.webm?_=3\" \/><source type=\"video\/webm\" src=\"https:\/\/impacta-media.de\/wp-content\/uploads\/2025\/12\/u-t-p.de_.webm?_=3\" \/><a href=\"https:\/\/impacta-media.de\/wp-content\/uploads\/2025\/12\/u-t-p.de_.webm\">https:\/\/impacta-media.de\/wp-content\/uploads\/2025\/12\/u-t-p.de_.webm<\/a><\/video><\/div>\t\n<h3>\n\t\t<a href=\"https:\/\/u-t-p.de\/\" title=\"UTP Metal Solutions GmbH\"  target=\"_blank\"  rel=\"noopener\">\n\t\t\tUTP Metal Solutions GmbH\t\t<\/a>\n\t<\/h3>\n<figure itemscope itemtype=\"https:\/\/schema.org\/ImageObject\">\n\t\t\t\t<img decoding=\"async\" src=\"https:\/\/impacta-media.de\/wp-content\/uploads\/2025\/12\/kugelei.de_.png\" alt=\"kugelei.de\" height=\"1080\" width=\"1920\" title=\"kugelei.de\" onerror=\"this.style.display='none'\" loading=\"lazy\" \/>\n\t<\/figure>\n<h3>\n\t\t<a href=\"https:\/\/kugelei.com\/\" title=\"KugelEi\"  target=\"_blank\"  rel=\"noopener\">\n\t\t\tKugelEi\t\t<\/a>\n\t<\/h3>\n\t\t<meta itemprop=\"url\" content=\"https:\/\/impacta-media.de\/wp-content\/uploads\/2025\/12\/tierbestattung-schoenefeld.de_.webm\" \/><div style=\"width: 640px;\" class=\"wp-video\"><video muted class=\"wp-video-shortcode\" id=\"video-136-4\" width=\"640\" height=\"360\" loop autoplay preload=\"metadata\" controls=\"controls\"><source type=\"video\/webm\" src=\"https:\/\/impacta-media.de\/wp-content\/uploads\/2025\/12\/tierbestattung-schoenefeld.de_.webm?_=4\" \/><source type=\"video\/webm\" src=\"https:\/\/impacta-media.de\/wp-content\/uploads\/2025\/12\/tierbestattung-schoenefeld.de_.webm?_=4\" \/><a href=\"https:\/\/impacta-media.de\/wp-content\/uploads\/2025\/12\/tierbestattung-schoenefeld.de_.webm\">https:\/\/impacta-media.de\/wp-content\/uploads\/2025\/12\/tierbestattung-schoenefeld.de_.webm<\/a><\/video><\/div>\t\n<h3>\n\t\t<a href=\"https:\/\/tierbestattung-schoenefeld.de\/startseite2\" title=\"Tierbestattung Sch\u00f6nefeld\"  target=\"_blank\"  rel=\"noopener\">\n\t\t\tTierbestattung Sch\u00f6nefeld\t\t<\/a>\n\t<\/h3>\n<figure itemscope itemtype=\"https:\/\/schema.org\/ImageObject\">\n\t\t\t\t<img decoding=\"async\" src=\"https:\/\/impacta-media.de\/wp-content\/uploads\/2025\/12\/prochnow.png\" alt=\"prochnow\" height=\"1080\" width=\"1920\" title=\"prochnow\" onerror=\"this.style.display='none'\" loading=\"lazy\" \/>\n\t<\/figure>\n<h3>\n\t\t<a href=\"https:\/\/guetertransport.de\/\" title=\"Prochnow Transport und Lager\"  target=\"_blank\"  rel=\"noopener\">\n\t\t\tProchnow Transport und Lager\t\t<\/a>\n\t<\/h3>\n\t<b>Impacta-Media<\/b>\n<h2>\n\t\t\tWeb design examples\t<\/h2>\n\t<strong data-start=\"296\" data-end=\"383\">Webdesign-Beispiele, die \u00fcberzeugen &#8211; moderne Webseiten f\u00fcr Unternehmen jeder Gr\u00f6\u00dfe<\/strong>\nWould you like to see what professional web design looks like in practice? On this page you will find selected <strong data-start=\"500\" data-end=\"523\">Web design examples<\/strong> unserer Agentur. Jedes Beispiel zeigt, wie modernes Design, klare Struktur und benutzerfreundliche Funktionen zusammenspielen, um aus einer Website mehr zu machen als nur eine digitale Visitenkarte.\nLassen Sie sich inspirieren und entdecken Sie, wie Ihre neue Website aussehen k\u00f6nnte.\n\t<center>\n<h1>\n   Practices\n<\/h1>\n<\/center>\n<figure itemscope itemtype=\"https:\/\/schema.org\/ImageObject\">\n\t\t\t\t<a href=\"https:\/\/impacta-media.de\/en\/praxen\/\"  target=\"_self\" itemprop=\"url\">\n\t\t\t\t<img decoding=\"async\" src=\"https:\/\/impacta-media.de\/wp-content\/uploads\/2025\/09\/Praxen-1024x576.jpg\" alt=\"Praxen\" height=\"576\" width=\"1024\" title=\"Practices\" onerror=\"this.style.display='none'\" loading=\"lazy\" \/>\n\t\t\t\t<\/a>\n\t<\/figure>\n\t<p>Modern practice website: services clear, team approachable, online appointment in seconds. Confidence-building, barrier-free and fast on all devices.<\/p>\n\t\t\t<a href=\"https:\/\/impacta-media.de\/en\/praxen\/\"  target=\"_self\">\n\t\t\t\t\t\tView website\n\t\t\t\t\t<\/a>\n\t<center>\n<h1>\n   Lawyers\n<\/h1>\n<\/center>\n<figure itemscope itemtype=\"https:\/\/schema.org\/ImageObject\">\n\t\t\t\t<a href=\"https:\/\/impacta-media.de\/en\/anwalt\/\"  target=\"_self\" itemprop=\"url\">\n\t\t\t\t<img decoding=\"async\" src=\"https:\/\/impacta-media.de\/wp-content\/uploads\/2025\/09\/anwalt.jpg\" alt=\"anwalt\" height=\"1080\" width=\"1920\" title=\"lawyer\" onerror=\"this.style.display='none'\" loading=\"lazy\" \/>\n\t\t\t\t<\/a>\n\t<\/figure>\n\t<p>Law firm website with clear areas of expertise, comprehensible services and direct contact options. Serious, streamlined, designed to win clients.<\/p>\n\t\t\t<a href=\"https:\/\/impacta-media.de\/en\/anwalt\/\"  target=\"_self\">\n\t\t\t\t\t\tView website\n\t\t\t\t\t<\/a>\n\t<center>\n<h1>\n   Coaches\n<\/h1>\n<\/center>\n<figure itemscope itemtype=\"https:\/\/schema.org\/ImageObject\">\n\t\t\t\t<a href=\"https:\/\/impacta-media.de\/en\/coaching\/\"  target=\"_self\" itemprop=\"url\">\n\t\t\t\t<img decoding=\"async\" src=\"https:\/\/impacta-media.de\/wp-content\/uploads\/2025\/09\/coaching.jpg\" alt=\"coaching\" height=\"1080\" width=\"1920\" title=\"coaching\" onerror=\"this.style.display='none'\" loading=\"lazy\" \/>\n\t\t\t\t<\/a>\n\t<\/figure>\n\t<p>Coach presence with a focus on benefits: offers\/packages, calendar integration and testimonials. Clear path from interest to booking.<\/p>\n\t\t\t<a href=\"https:\/\/impacta-media.de\/en\/coaching\/\"  target=\"_self\">\n\t\t\t\t\t\tView website\n\t\t\t\t\t<\/a>\n\t<center>\n<h1>\n   Service provider\n<\/h1>\n<\/center>\n<figure itemscope itemtype=\"https:\/\/schema.org\/ImageObject\">\n\t\t\t\t<a href=\"https:\/\/impacta-media.de\/en\/handwerk\/\"  target=\"_self\" itemprop=\"url\">\n\t\t\t\t<img decoding=\"async\" src=\"https:\/\/impacta-media.de\/wp-content\/uploads\/2025\/09\/handwerk.jpg\" alt=\"handwerk\" height=\"1080\" width=\"1920\" title=\"craft\" onerror=\"this.style.display='none'\" loading=\"lazy\" \/>\n\t\t\t\t<\/a>\n\t<\/figure>\n\t<p>Service page with services, references and quick quote request. Clear, robust and ideal for local searches and mobile users.<\/p>\n\t\t\t<a href=\"https:\/\/impacta-media.de\/en\/handwerk\/\"  target=\"_self\">\n\t\t\t\t\t\tView website\n\t\t\t\t\t<\/a>\n\tOur <strong data-start=\"733\" data-end=\"756\">Website examples<\/strong> geben Ihnen Inspiration f\u00fcr Ihr eigenes Projekt &#8211; egal ob Unternehmensseite, Landingpage oder Online-Shop. Alle Designs sind auf <strong data-start=\"886\" data-end=\"913\">Visibility on Google<\/strong>, <strong data-start=\"915\" data-end=\"946\">mobile user-friendliness<\/strong> and <strong data-start=\"951\" data-end=\"977\">Conversion optimization<\/strong> aligned. You can see at a glance how we combine web design with marketing strategy to position your brand strongly in the digital space.\n<h2>\n\t\t\tGef\u00e4llt Ihnen, was Sie sehen?\t<\/h2>\n\tDann lassen Sie uns \u00fcber Ihre eigene Website sprechen\n\t\t\t<a href=\"\/en\/kontakt\/\"  target=\"_self\">\n\t\t\t\t\t\tArrange a free clarification meeting now\n\t\t\t\t\t<\/a>\n\t<em>unverbindlich und klar auf den Punkt.<\/em>\n\t\t<footer class=\"impacta-footer\">\r\n\t\t<div class=\"impacta-footer-inner\">\r\n\r\n\t\t\t<!-- COLUMN 1: BRAND -->\r\n\t\t\t<div class=\"footer-brand\">\r\n\t\t\t\t<img decoding=\"async\" src=\"https:\/\/impacta-media.de\/wp-content\/uploads\/2025\/09\/cropped-Logoneu.png\" alt=\"impacta Logo\" class=\"footer-logo\">\r\n\r\n\t\t\t\t<p class=\"footer-address\">Kiefernring 29B<br>15749 Mittenwalde<\/p>\r\n\r\n\t\t\t\t<div class=\"footer-contact\">\r\n\t\t\t\t\t<a href=\"tel:+4915567115414\">0155 671 154 14<\/a>\r\n\t\t\t\t\t<a href=\"mailto:kontakt@impacta-media.de\">kontakt@impacta-media.de<\/a>\r\n\t\t\t\t<\/div>\r\n\t\t\t<\/div>\r\n\r\n\t\t\t<!-- COLUMN 2 -->\r\n\t\t\t<div class=\"footer-col\">\r\n\t\t\t\t<div class=\"footer-title\">Web design &amp; development<\/div>\r\n\t\t\t\t<a href=\"\/en\/coming-soon\/\">Onepager & Landingpages<\/a>\r\n\t\t\t\t<a href=\"\/en\/coming-soon\/\">Website erstellen<\/a>\r\n\t\t\t\t<a href=\"\/en\/coming-soon\/\">Website Relaunch<\/a>\r\n\t\t\t<\/div>\r\n\r\n\t\t\t<!-- COLUMN 3 -->\r\n\t\t\t<div class=\"footer-col\">\r\n\t\t\t\t<div class=\"footer-title\">Social Media Management<\/div>\r\n\t\t\t\t<a href=\"\/en\/coming-soon\/\">Social Media Strategie<\/a>\r\n\t\t\t\t<a href=\"\/en\/coming-soon\/\">Social Media Ads & Kampagnen<\/a>\r\n\t\t\t\t<a href=\"\/en\/coming-soon\/\">Community Management & Betreuung<\/a>\r\n\t\t\t<\/div>\r\n\r\n\t\t\t<!-- COLUMN 4 -->\r\n\t\t\t<div class=\"footer-col\">\r\n\t\t\t\t<div class=\"footer-title\">Coaching &amp; Consulting<\/div>\r\n\t\t\t\t<a href=\"\/en\/coming-soon\/\">Website Coaching<\/a>\r\n\t\t\t\t<a href=\"\/en\/coming-soon\/\">Social Media Coaching<\/a>\r\n\t\t\t\t<a href=\"\/en\/coming-soon\/\">Digitale Strategie & Positionierung<\/a>\r\n\t\t\t<\/div>\r\n\r\n\t\t\t<!-- COLUMN 5 -->\r\n\t\t\t<div class=\"footer-col\">\r\n\t\t\t\t<div class=\"footer-title\">Unternehmen<\/div>\r\n\t\t\t\t<a href=\"\/en\/ueber-uns\/\">About us<\/a>\r\n\t\t\t\t<a href=\"\/en\/kontakt\/\">Contact us<\/a>\r\n\t\t\t\t<a href=\"\/en\/impressum\/\">Imprint<\/a>\r\n\t\t\t\t<a href=\"\/en\/datenschutz\/\">Data protection<\/a>\r\n\t\t\t<\/div>\r\n\r\n\t\t<\/div>\r\n\t<\/footer>\r\n\r\n\r\n\t<style>\r\n\t.impacta-footer{\r\n\t\tbackground:#000000;\r\n\t\tpadding:70px 20px;\r\n\t\tfont-size:14px;\r\n\t\tcolor:#49A0FF;\r\n\t}\r\n\r\n\t.impacta-footer-inner{\r\n\t\tmax-width:1200px;\r\n\t\tmargin:0 auto;\r\n\t\tdisplay:grid;\r\n\t\tgrid-template-columns:1.2fr repeat(4,1fr);\r\n\t\tgap:50px;\r\n\t}\r\n\r\n\t\/* BRAND *\/\r\n\t.footer-brand{\r\n\t\tdisplay:flex;\r\n\t\tflex-direction:column;\r\n\t}\r\n\r\n\t.footer-logo{\r\n\t\twidth:240px;\r\n\t\tmax-height:140px;\r\n\t\theight:auto;\r\n\t\tobject-fit:contain;\r\n\t\tmargin-bottom:14px;\r\n\t}\r\n\r\n\t.footer-address{\r\n\t\tmargin:0 0 12px;\r\n\t\topacity:.95;\r\n\t\tline-height:1.5;\r\n\t}\r\n\r\n\t.footer-contact a{\r\n\t\tdisplay:block;\r\n\t\tmargin-top:8px;\r\n\t\tcolor:#ffffff;\r\n\t\ttext-decoration:none;\r\n\t\topacity:.92;\r\n\t\ttransition:color .2s ease, opacity .2s ease;\r\n\t}\r\n\r\n\t.footer-contact a:hover,\r\n\t.footer-contact a:active{\r\n\t\tcolor:#8FA3B8;\r\n\t\topacity:1;\r\n\t}\r\n\r\n\t.footer-brand-divider{\r\n\t\theight:1px;\r\n\t\tbackground:rgba(255,255,255,.14);\r\n\t\tmargin:18px 0 16px;\r\n\t}\r\n\r\n\t\/* MINI (Unternehmen im linken Block) *\/\r\n\t.footer-mini-title{\r\n\t\tfont-size:12px;\r\n\t\tletter-spacing:1.1px;\r\n\t\ttext-transform:uppercase;\r\n\t\tfont-weight:700;\r\n\t\topacity:.85;\r\n\t\tmargin-bottom:10px;\r\n\t}\r\n\r\n\t.footer-mini-links{\r\n\t\tdisplay:grid;\r\n\t\tgrid-template-columns:repeat(2, minmax(0,1fr));\r\n\t\tgap:8px 18px;\r\n\t}\r\n\r\n\t.footer-mini-links a{\r\n\t\tcolor:#ffffff;\r\n\t\ttext-decoration:none;\r\n\t\topacity:.85;\r\n\t\ttransition:color .2s ease, opacity .2s ease;\r\n\t}\r\n\r\n\t.footer-mini-links a:hover,\r\n\t.footer-mini-links a:active{\r\n\t\tcolor:#49A0FF;\r\n\t\topacity:1;\r\n\t}\r\n\r\n\t\/* RIGHT COLS *\/\r\n\t.footer-col a{\r\n\t\tdisplay:block;\r\n\t\tmargin-top:8px;\r\n\t\tcolor:#ffffff;\r\n\t\ttext-decoration:none;\r\n\t\topacity:.9;\r\n\t\ttransition:color .2s ease, opacity .2s ease;\r\n\t}\r\n\r\n\t.footer-col a:hover,\r\n\t.footer-col a:active{\r\n\t\tcolor:#8FA3B8;\r\n\t\topacity:1;\r\n\t}\r\n\r\n\t.footer-title{\r\n\t\tfont-size:13px;\r\n\t\tletter-spacing:1.2px;\r\n\t\ttext-transform:uppercase;\r\n\t\tfont-weight:700;\r\n\t\tcolor:#ffffff;\r\n\t\tmargin:0 0 14px;\r\n\t\tposition:relative;\r\n\t}\r\n\r\n\t.footer-title::after{\r\n\t\tcontent:\"\";\r\n\t\tdisplay:block;\r\n\t\twidth:28px;\r\n\t\theight:2px;\r\n\t\tbackground:#ffffff;\r\n\t\tmargin-top:8px;\r\n\t\topacity:.4;\r\n\t}\r\n\r\n\t\/* RESPONSIVE *\/\r\n\t@media(max-width:900px){\r\n\t\t.impacta-footer-inner{\r\n\t\t\tgrid-template-columns:1fr;\r\n\t\t\tgap:40px;\r\n\t\t}\r\n\r\n\t\t.footer-logo{\r\n\t\t\twidth:170px;\r\n\t\t\tmax-height:60px;\r\n\t\t}\r\n\r\n\t\t.footer-mini-links{\r\n\t\t\tgrid-template-columns:1fr;\r\n\t\t}\r\n\t}\r\n\t<\/style>","protected":false},"excerpt":{"rendered":"<p>Unsere Referenzen Erfolgreiche Projekte, die f\u00fcr sich sprechen Wir entwickeln digitale L\u00f6sungen, die messbar wachsen, sauber funktionieren und Kunden \u00fcberzeugen. Hier finden Sie eine Auswahl unserer aktuellen Webdesign-, Social-Media- und App-Projekte &#8211; von lokalen Unternehmen bis hin zu digitalen Marken. Jetzt Erstgespr\u00e4ch sichern Impacta-Media Auswahl umgesetzte Kundenprojekte Treelancer Baumpflegefachbetrieb Marokko Travel Connection UTP Metal Solutions&#8230;<\/p>","protected":false},"author":1,"featured_media":553,"parent":0,"menu_order":0,"comment_status":"closed","ping_status":"closed","template":"","meta":{"_kad_post_transparent":"","_kad_post_title":"","_kad_post_layout":"","_kad_post_sidebar_id":"","_kad_post_content_style":"","_kad_post_vertical_padding":"","_kad_post_feature":"","_kad_post_feature_position":"","_kad_post_header":false,"_kad_post_footer":false,"_kad_post_classname":"","footnotes":""},"class_list":["post-136","page","type-page","status-publish","has-post-thumbnail","hentry"],"yoast_head":"<!-- This site is optimized with the Yoast SEO plugin v27.3 - https:\/\/yoast.com\/product\/yoast-seo-wordpress\/ -->\n<title>Referenzen &amp; Kundenprojekte | Impacta Media Webdesign &amp; SEO<\/title>\n<meta name=\"description\" content=\"Entdecken Sie erfolgreiche Webdesign-, SEO- und Marketingprojekte von Impacta Media. Echte Kunden, messbare Ergebnisse und digitale L\u00f6sungen, die funktionieren.\" \/>\n<meta name=\"robots\" content=\"index, follow, max-snippet:-1, max-image-preview:large, max-video-preview:-1\" \/>\n<link rel=\"canonical\" href=\"https:\/\/impacta-media.de\/en\/referenzen\/\" \/>\n<meta property=\"og:locale\" content=\"en_US\" \/>\n<meta property=\"og:type\" content=\"article\" \/>\n<meta property=\"og:title\" content=\"Referenzen &amp; Kundenprojekte | Impacta Media Webdesign &amp; SEO\" \/>\n<meta property=\"og:description\" content=\"Entdecken Sie erfolgreiche Webdesign-, SEO- und Marketingprojekte von Impacta Media. Echte Kunden, messbare Ergebnisse und digitale L\u00f6sungen, die funktionieren.\" \/>\n<meta property=\"og:url\" content=\"https:\/\/impacta-media.de\/en\/referenzen\/\" \/>\n<meta property=\"og:site_name\" content=\"impacta-media.de\" \/>\n<meta property=\"article:modified_time\" content=\"2026-02-25T21:26:58+00:00\" \/>\n<meta property=\"og:image\" content=\"https:\/\/impacta-media.de\/wp-content\/uploads\/2026\/02\/referenzen.png\" \/>\n\t<meta property=\"og:image:width\" content=\"960\" \/>\n\t<meta property=\"og:image:height\" content=\"450\" \/>\n\t<meta property=\"og:image:type\" content=\"image\/png\" \/>\n<meta name=\"twitter:card\" content=\"summary_large_image\" \/>\n<meta name=\"twitter:label1\" content=\"Est. reading time\" \/>\n\t<meta name=\"twitter:data1\" content=\"4 minutes\" \/>\n<script type=\"application\/ld+json\" class=\"yoast-schema-graph\">{\"@context\":\"https:\\\/\\\/schema.org\",\"@graph\":[{\"@type\":\"WebPage\",\"@id\":\"https:\\\/\\\/impacta-media.de\\\/referenzen\\\/\",\"url\":\"https:\\\/\\\/impacta-media.de\\\/referenzen\\\/\",\"name\":\"Referenzen & Kundenprojekte | Impacta Media Webdesign & SEO\",\"isPartOf\":{\"@id\":\"https:\\\/\\\/impacta-media.de\\\/#website\"},\"primaryImageOfPage\":{\"@id\":\"https:\\\/\\\/impacta-media.de\\\/referenzen\\\/#primaryimage\"},\"image\":{\"@id\":\"https:\\\/\\\/impacta-media.de\\\/referenzen\\\/#primaryimage\"},\"thumbnailUrl\":\"https:\\\/\\\/impacta-media.de\\\/wp-content\\\/uploads\\\/2026\\\/02\\\/referenzen.png\",\"datePublished\":\"2025-09-09T17:02:44+00:00\",\"dateModified\":\"2026-02-25T21:26:58+00:00\",\"description\":\"Entdecken Sie erfolgreiche Webdesign-, SEO- und Marketingprojekte von Impacta Media. Echte Kunden, messbare Ergebnisse und digitale L\u00f6sungen, die funktionieren.\",\"breadcrumb\":{\"@id\":\"https:\\\/\\\/impacta-media.de\\\/referenzen\\\/#breadcrumb\"},\"inLanguage\":\"en-US\",\"potentialAction\":[{\"@type\":\"ReadAction\",\"target\":[\"https:\\\/\\\/impacta-media.de\\\/referenzen\\\/\"]}]},{\"@type\":\"ImageObject\",\"inLanguage\":\"en-US\",\"@id\":\"https:\\\/\\\/impacta-media.de\\\/referenzen\\\/#primaryimage\",\"url\":\"https:\\\/\\\/impacta-media.de\\\/wp-content\\\/uploads\\\/2026\\\/02\\\/referenzen.png\",\"contentUrl\":\"https:\\\/\\\/impacta-media.de\\\/wp-content\\\/uploads\\\/2026\\\/02\\\/referenzen.png\",\"width\":960,\"height\":450},{\"@type\":\"BreadcrumbList\",\"@id\":\"https:\\\/\\\/impacta-media.de\\\/referenzen\\\/#breadcrumb\",\"itemListElement\":[{\"@type\":\"ListItem\",\"position\":1,\"name\":\"Startseite\",\"item\":\"https:\\\/\\\/impacta-media.de\\\/\"},{\"@type\":\"ListItem\",\"position\":2,\"name\":\"Referenzen\"}]},{\"@type\":\"WebSite\",\"@id\":\"https:\\\/\\\/impacta-media.de\\\/#website\",\"url\":\"https:\\\/\\\/impacta-media.de\\\/\",\"name\":\"impacta-media.de\",\"description\":\"\",\"publisher\":{\"@id\":\"https:\\\/\\\/impacta-media.de\\\/#organization\"},\"potentialAction\":[{\"@type\":\"SearchAction\",\"target\":{\"@type\":\"EntryPoint\",\"urlTemplate\":\"https:\\\/\\\/impacta-media.de\\\/?s={search_term_string}\"},\"query-input\":{\"@type\":\"PropertyValueSpecification\",\"valueRequired\":true,\"valueName\":\"search_term_string\"}}],\"inLanguage\":\"en-US\"},{\"@type\":\"Organization\",\"@id\":\"https:\\\/\\\/impacta-media.de\\\/#organization\",\"name\":\"Impacta Media\",\"url\":\"https:\\\/\\\/impacta-media.de\\\/\",\"logo\":{\"@type\":\"ImageObject\",\"inLanguage\":\"en-US\",\"@id\":\"https:\\\/\\\/impacta-media.de\\\/#\\\/schema\\\/logo\\\/image\\\/\",\"url\":\"https:\\\/\\\/impacta-media.de\\\/wp-content\\\/uploads\\\/2025\\\/09\\\/cropped-Logoneu.png\",\"contentUrl\":\"https:\\\/\\\/impacta-media.de\\\/wp-content\\\/uploads\\\/2025\\\/09\\\/cropped-Logoneu.png\",\"width\":1024,\"height\":329,\"caption\":\"Impacta Media\"},\"image\":{\"@id\":\"https:\\\/\\\/impacta-media.de\\\/#\\\/schema\\\/logo\\\/image\\\/\"}}]}<\/script>\n<!-- \/ Yoast SEO plugin. -->","yoast_head_json":{"title":"Referenzen & Kundenprojekte | Impacta Media Webdesign & SEO","description":"Entdecken Sie erfolgreiche Webdesign-, SEO- und Marketingprojekte von Impacta Media. Echte Kunden, messbare Ergebnisse und digitale L\u00f6sungen, die funktionieren.","robots":{"index":"index","follow":"follow","max-snippet":"max-snippet:-1","max-image-preview":"max-image-preview:large","max-video-preview":"max-video-preview:-1"},"canonical":"https:\/\/impacta-media.de\/en\/referenzen\/","og_locale":"en_US","og_type":"article","og_title":"Referenzen & Kundenprojekte | Impacta Media Webdesign & SEO","og_description":"Entdecken Sie erfolgreiche Webdesign-, SEO- und Marketingprojekte von Impacta Media. Echte Kunden, messbare Ergebnisse und digitale L\u00f6sungen, die funktionieren.","og_url":"https:\/\/impacta-media.de\/en\/referenzen\/","og_site_name":"impacta-media.de","article_modified_time":"2026-02-25T21:26:58+00:00","og_image":[{"width":960,"height":450,"url":"https:\/\/impacta-media.de\/wp-content\/uploads\/2026\/02\/referenzen.png","type":"image\/png"}],"twitter_card":"summary_large_image","twitter_misc":{"Est. reading time":"4 minutes"},"schema":{"@context":"https:\/\/schema.org","@graph":[{"@type":"WebPage","@id":"https:\/\/impacta-media.de\/referenzen\/","url":"https:\/\/impacta-media.de\/referenzen\/","name":"Referenzen & Kundenprojekte | Impacta Media Webdesign & SEO","isPartOf":{"@id":"https:\/\/impacta-media.de\/#website"},"primaryImageOfPage":{"@id":"https:\/\/impacta-media.de\/referenzen\/#primaryimage"},"image":{"@id":"https:\/\/impacta-media.de\/referenzen\/#primaryimage"},"thumbnailUrl":"https:\/\/impacta-media.de\/wp-content\/uploads\/2026\/02\/referenzen.png","datePublished":"2025-09-09T17:02:44+00:00","dateModified":"2026-02-25T21:26:58+00:00","description":"Entdecken Sie erfolgreiche Webdesign-, SEO- und Marketingprojekte von Impacta Media. Echte Kunden, messbare Ergebnisse und digitale L\u00f6sungen, die funktionieren.","breadcrumb":{"@id":"https:\/\/impacta-media.de\/referenzen\/#breadcrumb"},"inLanguage":"en-US","potentialAction":[{"@type":"ReadAction","target":["https:\/\/impacta-media.de\/referenzen\/"]}]},{"@type":"ImageObject","inLanguage":"en-US","@id":"https:\/\/impacta-media.de\/referenzen\/#primaryimage","url":"https:\/\/impacta-media.de\/wp-content\/uploads\/2026\/02\/referenzen.png","contentUrl":"https:\/\/impacta-media.de\/wp-content\/uploads\/2026\/02\/referenzen.png","width":960,"height":450},{"@type":"BreadcrumbList","@id":"https:\/\/impacta-media.de\/referenzen\/#breadcrumb","itemListElement":[{"@type":"ListItem","position":1,"name":"Startseite","item":"https:\/\/impacta-media.de\/"},{"@type":"ListItem","position":2,"name":"Referenzen"}]},{"@type":"WebSite","@id":"https:\/\/impacta-media.de\/#website","url":"https:\/\/impacta-media.de\/","name":"impacta-media.de","description":"","publisher":{"@id":"https:\/\/impacta-media.de\/#organization"},"potentialAction":[{"@type":"SearchAction","target":{"@type":"EntryPoint","urlTemplate":"https:\/\/impacta-media.de\/?s={search_term_string}"},"query-input":{"@type":"PropertyValueSpecification","valueRequired":true,"valueName":"search_term_string"}}],"inLanguage":"en-US"},{"@type":"Organization","@id":"https:\/\/impacta-media.de\/#organization","name":"At Impacta-Media,","url":"https:\/\/impacta-media.de\/","logo":{"@type":"ImageObject","inLanguage":"en-US","@id":"https:\/\/impacta-media.de\/#\/schema\/logo\/image\/","url":"https:\/\/impacta-media.de\/wp-content\/uploads\/2025\/09\/cropped-Logoneu.png","contentUrl":"https:\/\/impacta-media.de\/wp-content\/uploads\/2025\/09\/cropped-Logoneu.png","width":1024,"height":329,"caption":"Impacta Media"},"image":{"@id":"https:\/\/impacta-media.de\/#\/schema\/logo\/image\/"}}]}},"_links":{"self":[{"href":"https:\/\/impacta-media.de\/en\/wp-json\/wp\/v2\/pages\/136","targetHints":{"allow":["GET"]}}],"collection":[{"href":"https:\/\/impacta-media.de\/en\/wp-json\/wp\/v2\/pages"}],"about":[{"href":"https:\/\/impacta-media.de\/en\/wp-json\/wp\/v2\/types\/page"}],"author":[{"embeddable":true,"href":"https:\/\/impacta-media.de\/en\/wp-json\/wp\/v2\/users\/1"}],"replies":[{"embeddable":true,"href":"https:\/\/impacta-media.de\/en\/wp-json\/wp\/v2\/comments?post=136"}],"version-history":[{"count":11,"href":"https:\/\/impacta-media.de\/en\/wp-json\/wp\/v2\/pages\/136\/revisions"}],"predecessor-version":[{"id":554,"href":"https:\/\/impacta-media.de\/en\/wp-json\/wp\/v2\/pages\/136\/revisions\/554"}],"wp:featuredmedia":[{"embeddable":true,"href":"https:\/\/impacta-media.de\/en\/wp-json\/wp\/v2\/media\/553"}],"wp:attachment":[{"href":"https:\/\/impacta-media.de\/en\/wp-json\/wp\/v2\/media?parent=136"}],"curies":[{"name":"wp","href":"https:\/\/api.w.org\/{rel}","templated":true}]}}